{"id":3393,"date":"2022-04-11T12:46:45","date_gmt":"2022-04-11T12:46:45","guid":{"rendered":"https:\/\/hippomachines.nl\/?page_id=3393"},"modified":"2022-04-11T13:15:05","modified_gmt":"2022-04-11T13:15:05","slug":"ar-s10-schrobmachine","status":"publish","type":"page","link":"https:\/\/hippomachines.nl\/de\/ar-s10-schrobmachine\/","title":{"rendered":"AR-S10 SCHEUERGER\u00c4T"},"content":{"rendered":"<div class=\"wpb-content-wrapper\"><div class=\"vc_row wpb_row vc_row-fluid vc_custom_1453450201221\"><div class=\"wpb_column vc_column_container vc_col-md-6\"><div class=\"vc_column-inner\"><div class=\"wpb_wrapper\"><div class=\"gallery-fs\"><figure><img decoding=\"async\" src=\"https:\/\/hippomachines.nl\/wp-content\/uploads\/2022\/04\/1.jpg\" alt=\"\"><figcaption><\/figcaption><\/figure><div class=\"gallery-fs-nav\"><button class=\"gallery-fs-fullscreen\"><i class=\"fa fa-arrows-alt\"><\/i><\/button><\/div><div class=\"gallery-fs-thumbnails gallery-fs-thumbnails-col-5 owl-carousel\"><a href='https:\/\/hippomachines.nl\/wp-content\/uploads\/2022\/04\/1.jpg' data-caption='' title='' class=\"selected\"><img fetchpriority=\"high\" decoding=\"async\" width=\"280\" height=\"210\" src=\"https:\/\/hippomachines.nl\/wp-content\/uploads\/2022\/04\/1-280x210.jpg\" class=\"attachment-anps-gallery-thumb size-anps-gallery-thumb\" alt=\"\" \/><\/a><a href='https:\/\/hippomachines.nl\/wp-content\/uploads\/2022\/04\/2.jpg' data-caption='' title=''><img decoding=\"async\" width=\"280\" height=\"210\" src=\"https:\/\/hippomachines.nl\/wp-content\/uploads\/2022\/04\/2-280x210.jpg\" class=\"attachment-anps-gallery-thumb size-anps-gallery-thumb\" alt=\"\" \/><\/a><a href='https:\/\/hippomachines.nl\/wp-content\/uploads\/2022\/04\/3.jpg' data-caption='' title=''><img decoding=\"async\" width=\"280\" height=\"210\" src=\"https:\/\/hippomachines.nl\/wp-content\/uploads\/2022\/04\/3-280x210.jpg\" class=\"attachment-anps-gallery-thumb size-anps-gallery-thumb\" alt=\"\" \/><\/a><a href='https:\/\/hippomachines.nl\/wp-content\/uploads\/2022\/04\/4.jpg' data-caption='' title=''><img loading=\"lazy\" decoding=\"async\" width=\"280\" height=\"210\" src=\"https:\/\/hippomachines.nl\/wp-content\/uploads\/2022\/04\/4-280x210.jpg\" class=\"attachment-anps-gallery-thumb size-anps-gallery-thumb\" alt=\"\" \/><\/a><a href='https:\/\/hippomachines.nl\/wp-content\/uploads\/2022\/04\/5.jpg' data-caption='' title=''><img loading=\"lazy\" decoding=\"async\" width=\"280\" height=\"210\" src=\"https:\/\/hippomachines.nl\/wp-content\/uploads\/2022\/04\/5-280x210.jpg\" class=\"attachment-anps-gallery-thumb size-anps-gallery-thumb\" alt=\"\" \/><\/a><\/div><\/div><\/div><\/div><\/div><div class=\"wpb_column vc_column_container vc_col-md-6\"><div class=\"vc_column-inner\"><div class=\"wpb_wrapper\"><h2 style=\"text-align: left\" class=\"vc_custom_heading vc_do_custom_heading title\" >Hippo AR-S10<\/h2>\n\t<div class=\"wpb_text_column wpb_content_element\" >\n\t\t<div class=\"wpb_wrapper\">\n\t\t\t<h5>Hippo liefert alle Maschinen:<\/h5>\n<p><strong>\u27a4 <\/strong>Inklusive <strong>12 Monate<\/strong>\u00a0garantie<\/p>\n<p><strong>\u27a4<\/strong> <strong>2 B\u00fcrsten<\/strong> mitgeliefert<\/p>\n<p>\u27a4 Inklusive <strong>ladeger\u00e4t<\/strong><\/p>\n\n\t\t<\/div>\n\t<\/div>\n<h2 style=\"text-align: left\" class=\"vc_custom_heading vc_do_custom_heading title\" >DETAILS<\/h2>\n\t<div class=\"wpb_text_column wpb_content_element\" >\n\t\t<div class=\"wpb_wrapper\">\n\t\t\t<p>Die Hippo AR-S10 ist eine leistungsstarke Scheuersaugmaschine mit einer Schrubbbreite von 106 cm. Die Maschine ist standardm\u00e4\u00dfig mit B\u00fcrsten und wartungsfreien Gel-Batterien ausgestattet.<\/p>\n\n\t\t<\/div>\n\t<\/div>\n<\/div><\/div><\/div><\/div><div class=\"vc_row wpb_row vc_row-fluid\"><div class=\"wpb_column vc_column_container vc_col-md-12\"><div class=\"vc_column-inner\"><div class=\"wpb_wrapper\"><div class=\"tabs tabs-minimal tabs-shape-rounded tabs-align-left tabs-position-top\"><div class=\"nav-tabs-wrap\" style=\"padding-bottom: 1px\"><ul class=\"nav nav-tabs\" role=\"tablist\"><li style=\"\" role=\"presentation\" class=\"active\"><a href=\"#1602851823353-e608345d-cb70\" aria-controls=\"1602851823353-e608345d-cb70\" role=\"tab\" data-toggle=\"tab\"><span>Beschreibung<\/span><\/a><\/li><li style=\"\" role=\"presentation\" class=\"\"><a href=\"#1602851823369-e2e38a34-64f1\" aria-controls=\"1602851823369-e2e38a34-64f1\" role=\"tab\" data-toggle=\"tab\"><span>Spezifikationen<\/span><\/a><\/li><li style=\"\" role=\"presentation\" class=\"\"><a href=\"#1605279102453-0dadc473-3eda\" aria-controls=\"1605279102453-0dadc473-3eda\" role=\"tab\" data-toggle=\"tab\"><span>Download Brosch\u00fcre<\/span><\/a><\/li><\/ul><\/div><div class=\"tab-content\"><div role=\"tabpanel\" class=\"tab-pane active\" id=\"1602851823353-e608345d-cb70\">\n\t<div class=\"wpb_text_column wpb_content_element\" >\n\t\t<div class=\"wpb_wrapper\">\n\t\t\t<p>Zuverl\u00e4ssig, solide und einfach, und das alles zu einem hervorragenden Preis-Leistungs-Verh\u00e4ltnis. Diese 3 Schlagworte machen deutlich, was Sie von Hippos Maschinen erwarten k\u00f6nnen und d\u00fcrfen. Haben wir Ihr Interesse geweckt oder sind Sie neugierig auf eine Demo bei Ihnen vor Ort? Z\u00f6gern Sie nicht und kontaktieren Sie uns direkt!<\/p>\n\n\t\t<\/div>\n\t<\/div>\n<\/div><div role=\"tabpanel\" class=\"tab-pane\" id=\"1602851823369-e2e38a34-64f1\">\n\t<div class=\"wpb_text_column wpb_content_element\" >\n\t\t<div class=\"wpb_wrapper\">\n\t\t\t<table style=\"height: 441px;\" width=\"438\">\n<tbody>\n<tr>\n<td><strong>Marke und Modell der Maschine :<\/strong><\/td>\n<td>\u00a0Hippo AR-S10<\/td>\n<\/tr>\n<tr>\n<td><strong>W\u00e4scher Breite :<\/strong><\/td>\n<td>\u00a0106 cm<\/td>\n<\/tr>\n<tr>\n<td><strong>Ansaugbreite :<\/strong><\/td>\n<td>\u00a0135 cm<\/td>\n<\/tr>\n<tr>\n<td><strong>Abmessungen (L x B x H) :<\/strong><\/td>\n<td>\u00a0L1500*B1350*H1380 mm<\/td>\n<\/tr>\n<tr>\n<td><strong>Inhalt des Wasser- und Schmutzbeh\u00e4lters <\/strong><\/td>\n<td>\u00a0245\/260 L<\/td>\n<\/tr>\n<tr>\n<td><strong>Antriebsmotor :<\/strong><\/td>\n<td>\u00a0850 W<\/td>\n<\/tr>\n<tr>\n<td><strong>Vakuummotor :<\/strong><\/td>\n<td>\u00a0600 W<\/td>\n<\/tr>\n<tr>\n<td><strong>B\u00fcrstenmotor :<\/strong><\/td>\n<td>\u00a0550*2 W<\/td>\n<\/tr>\n<tr>\n<td><strong>Produktivit\u00e4t : <\/strong><\/td>\n<td>\u00a06500 m2\/u<\/td>\n<\/tr>\n<tr>\n<td><strong>Arbeitszeiten:<\/strong><\/td>\n<td>\u00a06 - 8 Stunden (indikativ)<\/td>\n<\/tr>\n<tr>\n<td><strong>Batterie :<\/strong><\/td>\n<td>\u00a036V\/200 Ah<\/td>\n<\/tr>\n<tr>\n<td><strong>Gewicht : <\/strong><\/td>\n<td>\u00a0535 kg<\/td>\n<\/tr>\n<tr>\n<td><\/td>\n<td><\/td>\n<\/tr>\n<tr>\n<td><\/td>\n<td><\/td>\n<\/tr>\n<tr>\n<td><\/td>\n<td><\/td>\n<\/tr>\n<\/tbody>\n<\/table>\n\n\t\t<\/div>\n\t<\/div>\n<\/div><div role=\"tabpanel\" class=\"tab-pane\" id=\"1605279102453-0dadc473-3eda\"><div class=\"vc_btn3-container vc_btn3-inline\"><a class=\"btn btn-normal\" href=\"https:\/\/hippomachines.nl\/wp-content\/uploads\/2022\/04\/Productfolder_AR-S10_duits.pdf\" title=\"\" target=\"_blank\">Download Brosch\u00fcre<\/a><\/div>\n<\/div><\/div><\/div><\/div><\/div><\/div><\/div>\n<\/div>","protected":false},"excerpt":{"rendered":"Hippo AR-S10 Hippo levert alle machines af: \u27a4 Inclusief 12 maanden\u00a0garantie \u27a4 2 borstels meegeleverd \u27a4 Inclusief oplader DETAILS De Hippo AR-S10 is een krachtige schrobmachine met een schrobbreedte van 106 cm. De machine is standaard voorzien van borstels en &hellip;","protected":false},"author":1,"featured_media":0,"parent":0,"menu_order":0,"comment_status":"closed","ping_status":"open","template":"","meta":{"footnotes":""},"class_list":["post-3393","page","type-page","status-publish","hentry"],"_links":{"self":[{"href":"https:\/\/hippomachines.nl\/de\/wp-json\/wp\/v2\/pages\/3393","targetHints":{"allow":["GET"]}}],"collection":[{"href":"https:\/\/hippomachines.nl\/de\/wp-json\/wp\/v2\/pages"}],"about":[{"href":"https:\/\/hippomachines.nl\/de\/wp-json\/wp\/v2\/types\/page"}],"author":[{"embeddable":true,"href":"https:\/\/hippomachines.nl\/de\/wp-json\/wp\/v2\/users\/1"}],"replies":[{"embeddable":true,"href":"https:\/\/hippomachines.nl\/de\/wp-json\/wp\/v2\/comments?post=3393"}],"version-history":[{"count":2,"href":"https:\/\/hippomachines.nl\/de\/wp-json\/wp\/v2\/pages\/3393\/revisions"}],"predecessor-version":[{"id":3401,"href":"https:\/\/hippomachines.nl\/de\/wp-json\/wp\/v2\/pages\/3393\/revisions\/3401"}],"wp:attachment":[{"href":"https:\/\/hippomachines.nl\/de\/wp-json\/wp\/v2\/media?parent=3393"}],"curies":[{"name":"wp","href":"https:\/\/api.w.org\/{rel}","templated":true}]}}