{"id":2748,"date":"2020-10-26T15:26:20","date_gmt":"2020-10-26T15:26:20","guid":{"rendered":"https:\/\/www.hippocleaners.nl\/?page_id=2748"},"modified":"2020-11-13T15:49:59","modified_gmt":"2020-11-13T15:49:59","slug":"veegmachines-s1150","status":"publish","type":"page","link":"https:\/\/hippomachines.nl\/de\/veegmachines-s1150\/","title":{"rendered":"S1150 KEHRMASCHINE"},"content":{"rendered":"<div class=\"wpb-content-wrapper\"><div class=\"vc_row wpb_row vc_row-fluid vc_custom_1453450201221\"><div class=\"wpb_column vc_column_container vc_col-md-6\"><div class=\"vc_column-inner\"><div class=\"wpb_wrapper\"><div class=\"gallery-fs\"><figure><img decoding=\"async\" src=\"https:\/\/hippomachines.nl\/wp-content\/uploads\/2020\/11\/WebsiteHippo_S1150_1-scaled.jpg\" alt=\"\"><figcaption><\/figcaption><\/figure><div class=\"gallery-fs-nav\"><button class=\"gallery-fs-fullscreen\"><i class=\"fa fa-arrows-alt\"><\/i><\/button><\/div><div class=\"gallery-fs-thumbnails gallery-fs-thumbnails-col-5 owl-carousel\"><a href='https:\/\/hippomachines.nl\/wp-content\/uploads\/2020\/11\/WebsiteHippo_S1150_1-scaled.jpg' data-caption='' title='' class=\"selected\"><img fetchpriority=\"high\" decoding=\"async\" width=\"280\" height=\"210\" src=\"https:\/\/hippomachines.nl\/wp-content\/uploads\/2020\/11\/WebsiteHippo_S1150_1-280x210.jpg\" class=\"attachment-anps-gallery-thumb size-anps-gallery-thumb\" alt=\"\" srcset=\"https:\/\/hippomachines.nl\/wp-content\/uploads\/2020\/11\/WebsiteHippo_S1150_1-280x210.jpg 280w, https:\/\/hippomachines.nl\/wp-content\/uploads\/2020\/11\/WebsiteHippo_S1150_1-16x12.jpg 16w\" sizes=\"(max-width: 280px) 100vw, 280px\" \/><\/a><a href='https:\/\/hippomachines.nl\/wp-content\/uploads\/2020\/11\/WebsiteHippo_S1150_2-scaled.jpg' data-caption='' title=''><img decoding=\"async\" width=\"280\" height=\"210\" src=\"https:\/\/hippomachines.nl\/wp-content\/uploads\/2020\/11\/WebsiteHippo_S1150_2-280x210.jpg\" class=\"attachment-anps-gallery-thumb size-anps-gallery-thumb\" alt=\"\" srcset=\"https:\/\/hippomachines.nl\/wp-content\/uploads\/2020\/11\/WebsiteHippo_S1150_2-280x210.jpg 280w, https:\/\/hippomachines.nl\/wp-content\/uploads\/2020\/11\/WebsiteHippo_S1150_2-16x12.jpg 16w\" sizes=\"(max-width: 280px) 100vw, 280px\" \/><\/a><a href='https:\/\/hippomachines.nl\/wp-content\/uploads\/2020\/11\/WebsiteHippo_S1150_3-scaled.jpg' data-caption='' title=''><img decoding=\"async\" width=\"280\" height=\"210\" src=\"https:\/\/hippomachines.nl\/wp-content\/uploads\/2020\/11\/WebsiteHippo_S1150_3-280x210.jpg\" class=\"attachment-anps-gallery-thumb size-anps-gallery-thumb\" alt=\"\" srcset=\"https:\/\/hippomachines.nl\/wp-content\/uploads\/2020\/11\/WebsiteHippo_S1150_3-280x210.jpg 280w, https:\/\/hippomachines.nl\/wp-content\/uploads\/2020\/11\/WebsiteHippo_S1150_3-16x12.jpg 16w\" sizes=\"(max-width: 280px) 100vw, 280px\" \/><\/a><a href='https:\/\/hippomachines.nl\/wp-content\/uploads\/2020\/11\/WebsiteHippo_S1150_4-scaled.jpg' data-caption='' title=''><img loading=\"lazy\" decoding=\"async\" width=\"280\" height=\"210\" src=\"https:\/\/hippomachines.nl\/wp-content\/uploads\/2020\/11\/WebsiteHippo_S1150_4-280x210.jpg\" class=\"attachment-anps-gallery-thumb size-anps-gallery-thumb\" alt=\"\" srcset=\"https:\/\/hippomachines.nl\/wp-content\/uploads\/2020\/11\/WebsiteHippo_S1150_4-280x210.jpg 280w, https:\/\/hippomachines.nl\/wp-content\/uploads\/2020\/11\/WebsiteHippo_S1150_4-16x12.jpg 16w\" sizes=\"(max-width: 280px) 100vw, 280px\" \/><\/a><a href='https:\/\/hippomachines.nl\/wp-content\/uploads\/2020\/11\/WebsiteHippo_S1150_5-scaled.jpg' data-caption='' title=''><img loading=\"lazy\" decoding=\"async\" width=\"280\" height=\"210\" src=\"https:\/\/hippomachines.nl\/wp-content\/uploads\/2020\/11\/WebsiteHippo_S1150_5-280x210.jpg\" class=\"attachment-anps-gallery-thumb size-anps-gallery-thumb\" alt=\"\" srcset=\"https:\/\/hippomachines.nl\/wp-content\/uploads\/2020\/11\/WebsiteHippo_S1150_5-280x210.jpg 280w, https:\/\/hippomachines.nl\/wp-content\/uploads\/2020\/11\/WebsiteHippo_S1150_5-16x12.jpg 16w\" sizes=\"(max-width: 280px) 100vw, 280px\" \/><\/a><a href='https:\/\/hippomachines.nl\/wp-content\/uploads\/2020\/11\/WebsiteHippo_S1150_6-scaled.jpg' data-caption='' title=''><img loading=\"lazy\" decoding=\"async\" width=\"280\" height=\"210\" src=\"https:\/\/hippomachines.nl\/wp-content\/uploads\/2020\/11\/WebsiteHippo_S1150_6-280x210.jpg\" class=\"attachment-anps-gallery-thumb size-anps-gallery-thumb\" alt=\"\" srcset=\"https:\/\/hippomachines.nl\/wp-content\/uploads\/2020\/11\/WebsiteHippo_S1150_6-280x210.jpg 280w, https:\/\/hippomachines.nl\/wp-content\/uploads\/2020\/11\/WebsiteHippo_S1150_6-16x12.jpg 16w\" sizes=\"(max-width: 280px) 100vw, 280px\" \/><\/a><a href='https:\/\/hippomachines.nl\/wp-content\/uploads\/2020\/11\/WebsiteHippo_S1150_7-scaled.jpg' data-caption='' title=''><img loading=\"lazy\" decoding=\"async\" width=\"280\" height=\"210\" src=\"https:\/\/hippomachines.nl\/wp-content\/uploads\/2020\/11\/WebsiteHippo_S1150_7-280x210.jpg\" class=\"attachment-anps-gallery-thumb size-anps-gallery-thumb\" alt=\"\" srcset=\"https:\/\/hippomachines.nl\/wp-content\/uploads\/2020\/11\/WebsiteHippo_S1150_7-280x210.jpg 280w, https:\/\/hippomachines.nl\/wp-content\/uploads\/2020\/11\/WebsiteHippo_S1150_7-16x12.jpg 16w\" sizes=\"(max-width: 280px) 100vw, 280px\" \/><\/a><\/div><\/div><\/div><\/div><\/div><div class=\"wpb_column vc_column_container vc_col-md-6\"><div class=\"vc_column-inner\"><div class=\"wpb_wrapper\"><h2 style=\"text-align: left\" class=\"vc_custom_heading vc_do_custom_heading title\" >Hippo S1150<\/h2>\n\t<div class=\"wpb_text_column wpb_content_element\" >\n\t\t<div class=\"wpb_wrapper\">\n\t\t\t<h5>Hippo liefert alle Maschinen:<\/h5>\n<p><strong>\u27a4 <\/strong>Inklusive <strong>12 Monate<\/strong>\u00a0garantie<\/p>\n<p><strong>\u27a4<\/strong> <strong>2 B\u00fcrsten<\/strong> mitgeliefert<\/p>\n<p>\u27a4 Inklusive <strong>ladeger\u00e4t<\/strong><\/p>\n\n\t\t<\/div>\n\t<\/div>\n<h2 style=\"text-align: left\" class=\"vc_custom_heading vc_do_custom_heading title\" >DETAILS<\/h2>\n\t<div class=\"wpb_text_column wpb_content_element\" >\n\t\t<div class=\"wpb_wrapper\">\n\t\t\t<p>Die Hippo S1150 ist eine leistungsstarke Kehrmaschine mit einer Kehrbreite von 115 cm. Die Maschine ist serienm\u00e4\u00dfig mit 2 B\u00fcrsten, einem Wasserspray zur Vermeidung von Staubaufwirbelung und wartungsfreien Gel-Batterien ausgestattet.<\/p>\n\n\t\t<\/div>\n\t<\/div>\n<\/div><\/div><\/div><\/div><div class=\"vc_row wpb_row vc_row-fluid\"><div class=\"wpb_column vc_column_container vc_col-md-12\"><div class=\"vc_column-inner\"><div class=\"wpb_wrapper\"><div class=\"tabs tabs-minimal tabs-shape-rounded tabs-align-left tabs-position-top\"><div class=\"nav-tabs-wrap\" style=\"padding-bottom: 1px\"><ul class=\"nav nav-tabs\" role=\"tablist\"><li style=\"\" role=\"presentation\" class=\"active\"><a href=\"#1602851823353-e608345d-cb70\" aria-controls=\"1602851823353-e608345d-cb70\" role=\"tab\" data-toggle=\"tab\"><span>Beschreibung<\/span><\/a><\/li><li style=\"\" role=\"presentation\" class=\"\"><a href=\"#1602851823369-e2e38a34-64f1\" aria-controls=\"1602851823369-e2e38a34-64f1\" role=\"tab\" data-toggle=\"tab\"><span>Spezifikationen<\/span><\/a><\/li><li style=\"\" role=\"presentation\" class=\"\"><a href=\"#1605279707275-e8ca8543-9dee\" aria-controls=\"1605279707275-e8ca8543-9dee\" role=\"tab\" data-toggle=\"tab\"><span>Download Brosch\u00fcre<\/span><\/a><\/li><\/ul><\/div><div class=\"tab-content\"><div role=\"tabpanel\" class=\"tab-pane active\" id=\"1602851823353-e608345d-cb70\">\n\t<div class=\"wpb_text_column wpb_content_element\" >\n\t\t<div class=\"wpb_wrapper\">\n\t\t\t<p>Zuverl\u00e4ssig, solide und einfach, und das alles zu einem hervorragenden Preis-Leistungs-Verh\u00e4ltnis. Diese 3 Schlagworte machen deutlich, was Sie von Hippos Maschinen erwarten k\u00f6nnen und d\u00fcrfen.\u00a0Haben wir Ihr Interesse geweckt oder sind Sie neugierig auf eine Demo bei Ihnen vor Ort? Z\u00f6gern Sie nicht und kontaktieren Sie uns direkt!<\/p>\n\n\t\t<\/div>\n\t<\/div>\n<\/div><div role=\"tabpanel\" class=\"tab-pane\" id=\"1602851823369-e2e38a34-64f1\">\n\t<div class=\"wpb_text_column wpb_content_element\" >\n\t\t<div class=\"wpb_wrapper\">\n\t\t\t<table width=\"438\">\n<tbody>\n<tr>\n<td><strong>Marke und Modell der Maschine :<\/strong><\/td>\n<td>\u00a0Hippo S1150<\/td>\n<\/tr>\n<tr>\n<td><strong>Kehrbreite :<\/strong><\/td>\n<td>\u00a0115 cm<\/td>\n<\/tr>\n<tr>\n<td><strong>L\u00e4nge der Walzenb\u00fcrste :<\/strong><\/td>\n<td>\u00a050 cm<\/td>\n<\/tr>\n<tr>\n<td><strong>Durchmesser Seitenb\u00fcrste :<\/strong><\/td>\n<td>\u00a040 cm<\/td>\n<\/tr>\n<tr>\n<td><strong>Abmessungen (L x B x H) :<\/strong><\/td>\n<td>\u00a0L1350*B800*H1200 mm<\/td>\n<\/tr>\n<tr>\n<td><strong>Wassertank :<\/strong><\/td>\n<td>\u00a045 L<\/td>\n<\/tr>\n<tr>\n<td><strong>Lagerung von Abfall :<\/strong><\/td>\n<td>\u00a050 L<\/td>\n<\/tr>\n<tr>\n<td><strong>Antriebsmotor :<\/strong><\/td>\n<td>\u00a0800 W<\/td>\n<\/tr>\n<tr>\n<td><strong>Motor der Walzenb\u00fcrste :<\/strong><\/td>\n<td>\u00a0800 W<\/td>\n<\/tr>\n<tr>\n<td><strong>Seitenb\u00fcrstenmotor : <\/strong><\/td>\n<td>\u00a0180 W<\/td>\n<\/tr>\n<tr>\n<td><strong>Produktivit\u00e4t : <\/strong><\/td>\n<td>\u00a06000 m2\/u<\/td>\n<\/tr>\n<tr>\n<td><strong>Arbeitszeiten:<\/strong><\/td>\n<td>\u00a04 - 5 Stunden (Indikativ)<\/td>\n<\/tr>\n<tr>\n<td><strong>Batterie :<\/strong><\/td>\n<td>48V\/65 Ah<\/td>\n<\/tr>\n<tr>\n<td><strong>Fahrgeschwindigkeit :<\/strong><\/td>\n<td>\u00a08 \u2013 12 km\/u<\/td>\n<\/tr>\n<tr>\n<td><strong>Betriebsgeschwindigkeit :<\/strong><\/td>\n<td>\u00a00 \u2013 8 km\/u<\/td>\n<\/tr>\n<tr>\n<td><strong>Einstufbarkeit : <\/strong><\/td>\n<td>\u00a025%<\/td>\n<\/tr>\n<tr>\n<td><strong>Gewicht : <\/strong><\/td>\n<td>\u00a0285 kg<\/td>\n<\/tr>\n<\/tbody>\n<\/table>\n\n\t\t<\/div>\n\t<\/div>\n<\/div><div role=\"tabpanel\" class=\"tab-pane\" id=\"1605279707275-e8ca8543-9dee\"><div class=\"vc_btn3-container vc_btn3-inline\"><a class=\"btn btn-normal\" href=\"https:\/\/hippomachines.nl\/wp-content\/uploads\/2021\/12\/Productfolder_S1150Hippo_Duits.pdf\" title=\"\" target=\"_blank\">Download Brosch\u00fcre<\/a><\/div>\n<\/div><\/div><\/div><\/div><\/div><\/div><\/div>\n<\/div>","protected":false},"excerpt":{"rendered":"Hippo S1150 Hippo levert alle machines af: \u27a4 Inclusief 12 maanden\u00a0garantie \u27a4 2 borstels meegeleverd \u27a4 Inclusief oplader DETAILS De Hippo S1150 is een krachtige veegmachine met een veegbreedte van 115 cm. De machine is standaard voorzien van 2 borstels, &hellip;","protected":false},"author":1,"featured_media":0,"parent":0,"menu_order":0,"comment_status":"closed","ping_status":"closed","template":"","meta":{"footnotes":""},"class_list":["post-2748","page","type-page","status-publish","hentry"],"_links":{"self":[{"href":"https:\/\/hippomachines.nl\/de\/wp-json\/wp\/v2\/pages\/2748","targetHints":{"allow":["GET"]}}],"collection":[{"href":"https:\/\/hippomachines.nl\/de\/wp-json\/wp\/v2\/pages"}],"about":[{"href":"https:\/\/hippomachines.nl\/de\/wp-json\/wp\/v2\/types\/page"}],"author":[{"embeddable":true,"href":"https:\/\/hippomachines.nl\/de\/wp-json\/wp\/v2\/users\/1"}],"replies":[{"embeddable":true,"href":"https:\/\/hippomachines.nl\/de\/wp-json\/wp\/v2\/comments?post=2748"}],"version-history":[{"count":15,"href":"https:\/\/hippomachines.nl\/de\/wp-json\/wp\/v2\/pages\/2748\/revisions"}],"predecessor-version":[{"id":3127,"href":"https:\/\/hippomachines.nl\/de\/wp-json\/wp\/v2\/pages\/2748\/revisions\/3127"}],"wp:attachment":[{"href":"https:\/\/hippomachines.nl\/de\/wp-json\/wp\/v2\/media?parent=2748"}],"curies":[{"name":"wp","href":"https:\/\/api.w.org\/{rel}","templated":true}]}}